{"id":2704,"date":"2025-06-18T12:46:47","date_gmt":"2025-06-18T12:46:47","guid":{"rendered":"https:\/\/www.mtc.co.rs\/?page_id=2704"},"modified":"2025-06-19T07:26:35","modified_gmt":"2025-06-19T07:26:35","slug":"pravila-ponasanja","status":"publish","type":"page","link":"https:\/\/mtc.co.rs\/en\/pravila-ponasanja\/","title":{"rendered":"Pravila Pona\u0161anja"},"content":{"rendered":"<div data-elementor-type=\"wp-page\" data-elementor-id=\"2704\" class=\"elementor elementor-2704\" data-elementor-settings=\"{&quot;ha_cmc_init_switcher&quot;:&quot;no&quot;}\" data-elementor-post-type=\"page\">\n\t\t\t\t<div class=\"elementor-element elementor-element-f56017d e-flex e-con-boxed e-con e-parent\" data-id=\"f56017d\" data-element_type=\"container\" data-e-type=\"container\" data-settings=\"{&quot;_ha_eqh_enable&quot;:false}\">\n\t\t\t\t\t<div class=\"e-con-inner\">\n\t\t<div class=\"elementor-element elementor-element-8088219 e-con-full e-flex e-con e-child\" data-id=\"8088219\" data-element_type=\"container\" data-e-type=\"container\" data-settings=\"{&quot;_ha_eqh_enable&quot;:false}\">\n\t\t<div class=\"elementor-element elementor-element-8084042 e-con-full e-flex e-con e-child\" data-id=\"8084042\" data-element_type=\"container\" data-e-type=\"container\" data-settings=\"{&quot;_ha_eqh_enable&quot;:false}\">\n\t\t\t\t<div class=\"elementor-element elementor-element-cbe09d9 elementor-hidden-mobile elementor-widget elementor-widget-heading\" data-id=\"cbe09d9\" data-element_type=\"widget\" data-e-type=\"widget\" data-settings=\"{&quot;motion_fx_motion_fx_mouse&quot;:&quot;yes&quot;,&quot;motion_fx_mouseTrack_effect&quot;:&quot;yes&quot;,&quot;motion_fx_mouseTrack_direction&quot;:&quot;negative&quot;,&quot;motion_fx_mouseTrack_speed&quot;:{&quot;unit&quot;:&quot;px&quot;,&quot;size&quot;:0.2,&quot;sizes&quot;:[]},&quot;_animation&quot;:&quot;none&quot;}\" data-widget_type=\"heading.default\">\n\t\t\t\t<div class=\"elementor-widget-container\">\n\t\t\t\t\t<h2 class=\"elementor-heading-title elementor-size-default\"><a href=\"http:\/\/PROZIVODI\">Korpativna<\/a><\/h2>\t\t\t\t<\/div>\n\t\t\t\t<\/div>\n\t\t\t\t<div class=\"elementor-element elementor-element-ef98254 elementor-widget elementor-widget-heading\" data-id=\"ef98254\" data-element_type=\"widget\" data-e-type=\"widget\" data-widget_type=\"heading.default\">\n\t\t\t\t<div class=\"elementor-widget-container\">\n\t\t\t\t\t<h2 class=\"elementor-heading-title elementor-size-default\">Dokumenta<\/h2>\t\t\t\t<\/div>\n\t\t\t\t<\/div>\n\t\t\t\t<\/div>\n\t\t\t\t<\/div>\n\t\t\t\t\t<\/div>\n\t\t\t\t<\/div>\n\t\t<div class=\"elementor-element elementor-element-723fda5 e-flex e-con-boxed e-con e-parent\" data-id=\"723fda5\" data-element_type=\"container\" data-e-type=\"container\" data-settings=\"{&quot;_ha_eqh_enable&quot;:false}\">\n\t\t\t\t\t<div class=\"e-con-inner\">\n\t\t<div class=\"elementor-element elementor-element-a20dcd0 e-con-full e-flex e-con e-child\" data-id=\"a20dcd0\" data-element_type=\"container\" data-e-type=\"container\" data-settings=\"{&quot;_ha_eqh_enable&quot;:false}\">\n\t\t\t\t<div class=\"elementor-element elementor-element-f9c0885 elementor-widget elementor-widget-heading\" data-id=\"f9c0885\" data-element_type=\"widget\" data-e-type=\"widget\" data-widget_type=\"heading.default\">\n\t\t\t\t<div class=\"elementor-widget-container\">\n\t\t\t\t\t<h2 class=\"elementor-heading-title elementor-size-default\">Kodeks pona\u0161anja kompanije MTC NISSAL<\/h2>\t\t\t\t<\/div>\n\t\t\t\t<\/div>\n\t\t\t\t<div class=\"elementor-element elementor-element-63fc5a7 elementor-widget elementor-widget-button\" data-id=\"63fc5a7\" data-element_type=\"widget\" data-e-type=\"widget\" data-widget_type=\"button.default\">\n\t\t\t\t<div class=\"elementor-widget-container\">\n\t\t\t\t\t\t\t\t\t<div class=\"elementor-button-wrapper\">\n\t\t\t\t\t<a class=\"elementor-button elementor-button-link elementor-size-sm\" href=\"https:\/\/www.mtc.co.rs\/wp-content\/uploads\/2025\/06\/Code-of-Conduct-MTC-Nissal-EN.pdf\" target=\"_blank\" download=\"\">\n\t\t\t\t\t\t<span class=\"elementor-button-content-wrapper\">\n\t\t\t\t\t\t<span class=\"elementor-button-icon\">\n\t\t\t\t<svg aria-hidden=\"true\" class=\"e-font-icon-svg e-fas-file-download\" viewbox=\"0 0 384 512\" xmlns=\"http:\/\/www.w3.org\/2000\/svg\"><path d=\"M224 136V0H24C10.7 0 0 10.7 0 24v464c0 13.3 10.7 24 24 24h336c13.3 0 24-10.7 24-24V160H248c-13.2 0-24-10.8-24-24zm76.45 211.36l-96.42 95.7c-6.65 6.61-17.39 6.61-24.04 0l-96.42-95.7C73.42 337.29 80.54 320 94.82 320H160v-80c0-8.84 7.16-16 16-16h32c8.84 0 16 7.16 16 16v80h65.18c14.28 0 21.4 17.29 11.27 27.36zM377 105L279.1 7c-4.5-4.5-10.6-7-17-7H256v128h128v-6.1c0-6.3-2.5-12.4-7-16.9z\"><\/path><\/svg>\t\t\t<\/span>\n\t\t\t\t\t\t\t\t\t<span class=\"elementor-button-text\">Preuzmi Ovde<\/span>\n\t\t\t\t\t<\/span>\n\t\t\t\t\t<\/a>\n\t\t\t\t<\/div>\n\t\t\t\t\t\t\t\t<\/div>\n\t\t\t\t<\/div>\n\t\t\t\t<\/div>\n\t\t<div class=\"elementor-element elementor-element-ea1418e e-con-full e-flex e-con e-child\" data-id=\"ea1418e\" data-element_type=\"container\" data-e-type=\"container\" data-settings=\"{&quot;_ha_eqh_enable&quot;:false}\">\n\t\t\t\t<div data-ha-element-link=\"{&quot;url&quot;:&quot;https:\\\/\\\/www.mtc.co.rs\\\/wp-content\\\/uploads\\\/2025\\\/06\\\/Code-of-Conduct-MTC-Nissal-SR.pdf&quot;,&quot;is_external&quot;:&quot;on&quot;,&quot;nofollow&quot;:&quot;&quot;}\" style=\"cursor: pointer\" class=\"elementor-element elementor-element-6360e7d elementor-widget elementor-widget-image\" data-id=\"6360e7d\" data-element_type=\"widget\" data-e-type=\"widget\" data-widget_type=\"image.default\">\n\t\t\t\t<div class=\"elementor-widget-container\">\n\t\t\t\t\t\t\t\t\t\t\t\t\t\t\t<img fetchpriority=\"high\" decoding=\"async\" width=\"1786\" height=\"2560\" src=\"https:\/\/mtc.co.rs\/wp-content\/uploads\/2025\/06\/1-scaled.png\" class=\"attachment-full size-full wp-image-2717\" alt=\"\" srcset=\"https:\/\/mtc.co.rs\/wp-content\/uploads\/2025\/06\/1-scaled.png 1786w, https:\/\/mtc.co.rs\/wp-content\/uploads\/2025\/06\/1-209x300.png 209w, https:\/\/mtc.co.rs\/wp-content\/uploads\/2025\/06\/1-714x1024.png 714w, https:\/\/mtc.co.rs\/wp-content\/uploads\/2025\/06\/1-768x1101.png 768w, https:\/\/mtc.co.rs\/wp-content\/uploads\/2025\/06\/1-1071x1536.png 1071w, https:\/\/mtc.co.rs\/wp-content\/uploads\/2025\/06\/1-1429x2048.png 1429w, https:\/\/mtc.co.rs\/wp-content\/uploads\/2025\/06\/1-8x12.png 8w\" sizes=\"(max-width: 1786px) 100vw, 1786px\" \/>\t\t\t\t\t\t\t\t\t\t\t\t\t\t\t<\/div>\n\t\t\t\t<\/div>\n\t\t\t\t<\/div>\n\t\t\t\t\t<\/div>\n\t\t\t\t<\/div>\n\t\t<div class=\"elementor-element elementor-element-9137b96 e-flex e-con-boxed e-con e-parent\" data-id=\"9137b96\" data-element_type=\"container\" data-e-type=\"container\" data-settings=\"{&quot;_ha_eqh_enable&quot;:false}\">\n\t\t\t\t\t<div class=\"e-con-inner\">\n\t\t<div class=\"elementor-element elementor-element-3efa0a8 e-con-full e-flex e-con e-child\" data-id=\"3efa0a8\" data-element_type=\"container\" data-e-type=\"container\" data-settings=\"{&quot;_ha_eqh_enable&quot;:false}\">\n\t\t\t\t<div class=\"elementor-element elementor-element-f78d69d elementor-widget elementor-widget-heading\" data-id=\"f78d69d\" data-element_type=\"widget\" data-e-type=\"widget\" data-widget_type=\"heading.default\">\n\t\t\t\t<div class=\"elementor-widget-container\">\n\t\t\t\t\t<h2 class=\"elementor-heading-title elementor-size-default\">Kodeks pona\u0161anja za dobavlja\u010de\n\nMTC NISSAL-a<\/h2>\t\t\t\t<\/div>\n\t\t\t\t<\/div>\n\t\t\t\t<div class=\"elementor-element elementor-element-792b946 elementor-widget elementor-widget-button\" data-id=\"792b946\" data-element_type=\"widget\" data-e-type=\"widget\" data-widget_type=\"button.default\">\n\t\t\t\t<div class=\"elementor-widget-container\">\n\t\t\t\t\t\t\t\t\t<div class=\"elementor-button-wrapper\">\n\t\t\t\t\t<a class=\"elementor-button elementor-button-link elementor-size-sm\" href=\"https:\/\/www.mtc.co.rs\/wp-content\/uploads\/2025\/06\/Code-of-Conduct-for-Suppliers-MTC-Nissal-EN-1.pdf\">\n\t\t\t\t\t\t<span class=\"elementor-button-content-wrapper\">\n\t\t\t\t\t\t<span class=\"elementor-button-icon\">\n\t\t\t\t<svg aria-hidden=\"true\" class=\"e-font-icon-svg e-fas-file-download\" viewbox=\"0 0 384 512\" xmlns=\"http:\/\/www.w3.org\/2000\/svg\"><path d=\"M224 136V0H24C10.7 0 0 10.7 0 24v464c0 13.3 10.7 24 24 24h336c13.3 0 24-10.7 24-24V160H248c-13.2 0-24-10.8-24-24zm76.45 211.36l-96.42 95.7c-6.65 6.61-17.39 6.61-24.04 0l-96.42-95.7C73.42 337.29 80.54 320 94.82 320H160v-80c0-8.84 7.16-16 16-16h32c8.84 0 16 7.16 16 16v80h65.18c14.28 0 21.4 17.29 11.27 27.36zM377 105L279.1 7c-4.5-4.5-10.6-7-17-7H256v128h128v-6.1c0-6.3-2.5-12.4-7-16.9z\"><\/path><\/svg>\t\t\t<\/span>\n\t\t\t\t\t\t\t\t\t<span class=\"elementor-button-text\">Preuzmi Ovde<\/span>\n\t\t\t\t\t<\/span>\n\t\t\t\t\t<\/a>\n\t\t\t\t<\/div>\n\t\t\t\t\t\t\t\t<\/div>\n\t\t\t\t<\/div>\n\t\t\t\t<\/div>\n\t\t<div class=\"elementor-element elementor-element-58ebdfe e-con-full e-flex e-con e-child\" data-id=\"58ebdfe\" data-element_type=\"container\" data-e-type=\"container\" data-settings=\"{&quot;_ha_eqh_enable&quot;:false}\">\n\t\t\t\t<div data-ha-element-link=\"{&quot;url&quot;:&quot;https:\\\/\\\/www.mtc.co.rs\\\/wp-content\\\/uploads\\\/2025\\\/06\\\/Code-of-Conduct-for-Suppliers-MTC-Nissal-SR-1.pdf&quot;,&quot;is_external&quot;:&quot;on&quot;,&quot;nofollow&quot;:&quot;&quot;}\" style=\"cursor: pointer\" class=\"elementor-element elementor-element-544c38a elementor-widget elementor-widget-image\" data-id=\"544c38a\" data-element_type=\"widget\" data-e-type=\"widget\" data-widget_type=\"image.default\">\n\t\t\t\t<div class=\"elementor-widget-container\">\n\t\t\t\t\t\t\t\t\t\t\t\t\t\t\t<img decoding=\"async\" width=\"714\" height=\"1024\" src=\"https:\/\/mtc.co.rs\/wp-content\/uploads\/2025\/06\/2-714x1024.png\" class=\"attachment-large size-large wp-image-2722\" alt=\"\" srcset=\"https:\/\/mtc.co.rs\/wp-content\/uploads\/2025\/06\/2-714x1024.png 714w, https:\/\/mtc.co.rs\/wp-content\/uploads\/2025\/06\/2-209x300.png 209w, https:\/\/mtc.co.rs\/wp-content\/uploads\/2025\/06\/2-768x1101.png 768w, https:\/\/mtc.co.rs\/wp-content\/uploads\/2025\/06\/2-1071x1536.png 1071w, https:\/\/mtc.co.rs\/wp-content\/uploads\/2025\/06\/2-1429x2048.png 1429w, https:\/\/mtc.co.rs\/wp-content\/uploads\/2025\/06\/2-8x12.png 8w, https:\/\/mtc.co.rs\/wp-content\/uploads\/2025\/06\/2-scaled.png 1786w\" sizes=\"(max-width: 714px) 100vw, 714px\" \/>\t\t\t\t\t\t\t\t\t\t\t\t\t\t\t<\/div>\n\t\t\t\t<\/div>\n\t\t\t\t<\/div>\n\t\t\t\t\t<\/div>\n\t\t\t\t<\/div>\n\t\t\t\t<\/div>","protected":false},"excerpt":{"rendered":"<p>Korpativna Dokumenta Kodeks pona\u0161anja kompanije MTC NISSAL Preuzmi Ovde Kodeks pona\u0161anja za dobavlja\u010de MTC NISSAL-a Preuzmi Ovde<\/p>","protected":false},"author":1,"featured_media":0,"parent":0,"menu_order":0,"comment_status":"closed","ping_status":"closed","template":"elementor_header_footer","meta":{"_acf_changed":false,"footnotes":""},"class_list":["post-2704","page","type-page","status-publish","hentry"],"blocksy_meta":[],"acf":[],"yoast_head":"<!-- This site is optimized with the Yoast SEO plugin v27.5 - https:\/\/yoast.com\/product\/yoast-seo-wordpress\/ -->\n<title>Pravila Pona\u0161anja - www.mtc.co.rs<\/title>\n<meta name=\"robots\" content=\"index, follow, max-snippet:-1, max-image-preview:large, max-video-preview:-1\" \/>\n<link rel=\"canonical\" href=\"https:\/\/mtc.co.rs\/en\/pravila-ponasanja\/\" \/>\n<meta property=\"og:locale\" content=\"en_US\" \/>\n<meta property=\"og:type\" content=\"article\" \/>\n<meta property=\"og:title\" content=\"Pravila Pona\u0161anja - www.mtc.co.rs\" \/>\n<meta property=\"og:description\" content=\"Korpativna Dokumenta Kodeks pona\u0161anja kompanije MTC NISSAL Preuzmi Ovde Kodeks pona\u0161anja za dobavlja\u010de MTC NISSAL-a Preuzmi Ovde\" \/>\n<meta property=\"og:url\" content=\"https:\/\/mtc.co.rs\/en\/pravila-ponasanja\/\" \/>\n<meta property=\"og:site_name\" content=\"www.mtc.co.rs\" \/>\n<meta property=\"article:modified_time\" content=\"2025-06-19T07:26:35+00:00\" \/>\n<meta property=\"og:image\" content=\"https:\/\/mtc.co.rs\/wp-content\/uploads\/2025\/06\/1-scaled.png\" \/>\n\t<meta property=\"og:image:width\" content=\"1786\" \/>\n\t<meta property=\"og:image:height\" content=\"2560\" \/>\n\t<meta property=\"og:image:type\" content=\"image\/png\" \/>\n<meta name=\"twitter:card\" content=\"summary_large_image\" \/>\n<meta name=\"twitter:label1\" content=\"Est. reading time\" \/>\n\t<meta name=\"twitter:data1\" content=\"1 minute\" \/>\n<script type=\"application\/ld+json\" class=\"yoast-schema-graph\">{\"@context\":\"https:\\\/\\\/schema.org\",\"@graph\":[{\"@type\":\"WebPage\",\"@id\":\"https:\\\/\\\/mtc.co.rs\\\/en\\\/pravila-ponasanja\\\/\",\"url\":\"https:\\\/\\\/mtc.co.rs\\\/en\\\/pravila-ponasanja\\\/\",\"name\":\"Pravila Pona\u0161anja - www.mtc.co.rs\",\"isPartOf\":{\"@id\":\"https:\\\/\\\/mtc.co.rs\\\/#website\"},\"primaryImageOfPage\":{\"@id\":\"https:\\\/\\\/mtc.co.rs\\\/en\\\/pravila-ponasanja\\\/#primaryimage\"},\"image\":{\"@id\":\"https:\\\/\\\/mtc.co.rs\\\/en\\\/pravila-ponasanja\\\/#primaryimage\"},\"thumbnailUrl\":\"https:\\\/\\\/www.mtc.co.rs\\\/wp-content\\\/uploads\\\/2025\\\/06\\\/1-scaled.png\",\"datePublished\":\"2025-06-18T12:46:47+00:00\",\"dateModified\":\"2025-06-19T07:26:35+00:00\",\"breadcrumb\":{\"@id\":\"https:\\\/\\\/mtc.co.rs\\\/en\\\/pravila-ponasanja\\\/#breadcrumb\"},\"inLanguage\":\"en-US\",\"potentialAction\":[{\"@type\":\"ReadAction\",\"target\":[\"https:\\\/\\\/mtc.co.rs\\\/en\\\/pravila-ponasanja\\\/\"]}]},{\"@type\":\"ImageObject\",\"inLanguage\":\"en-US\",\"@id\":\"https:\\\/\\\/mtc.co.rs\\\/en\\\/pravila-ponasanja\\\/#primaryimage\",\"url\":\"https:\\\/\\\/www.mtc.co.rs\\\/wp-content\\\/uploads\\\/2025\\\/06\\\/1-scaled.png\",\"contentUrl\":\"https:\\\/\\\/www.mtc.co.rs\\\/wp-content\\\/uploads\\\/2025\\\/06\\\/1-scaled.png\"},{\"@type\":\"BreadcrumbList\",\"@id\":\"https:\\\/\\\/mtc.co.rs\\\/en\\\/pravila-ponasanja\\\/#breadcrumb\",\"itemListElement\":[{\"@type\":\"ListItem\",\"position\":1,\"name\":\"Home\",\"item\":\"https:\\\/\\\/mtc.co.rs\\\/\"},{\"@type\":\"ListItem\",\"position\":2,\"name\":\"Pravila Pona\u0161anja\"}]},{\"@type\":\"WebSite\",\"@id\":\"https:\\\/\\\/mtc.co.rs\\\/#website\",\"url\":\"https:\\\/\\\/mtc.co.rs\\\/\",\"name\":\"www.mtc.co.rs\",\"description\":\"\",\"publisher\":{\"@id\":\"https:\\\/\\\/mtc.co.rs\\\/#organization\"},\"potentialAction\":[{\"@type\":\"SearchAction\",\"target\":{\"@type\":\"EntryPoint\",\"urlTemplate\":\"https:\\\/\\\/mtc.co.rs\\\/?s={search_term_string}\"},\"query-input\":{\"@type\":\"PropertyValueSpecification\",\"valueRequired\":true,\"valueName\":\"search_term_string\"}}],\"inLanguage\":\"en-US\"},{\"@type\":\"Organization\",\"@id\":\"https:\\\/\\\/mtc.co.rs\\\/#organization\",\"name\":\"www.mtc.co.rs\",\"url\":\"https:\\\/\\\/mtc.co.rs\\\/\",\"logo\":{\"@type\":\"ImageObject\",\"inLanguage\":\"en-US\",\"@id\":\"https:\\\/\\\/mtc.co.rs\\\/#\\\/schema\\\/logo\\\/image\\\/\",\"url\":\"https:\\\/\\\/mtc.co.rs\\\/wp-content\\\/uploads\\\/2024\\\/12\\\/MTC-Nissal_Logo_Color_25082023.png\",\"contentUrl\":\"https:\\\/\\\/mtc.co.rs\\\/wp-content\\\/uploads\\\/2024\\\/12\\\/MTC-Nissal_Logo_Color_25082023.png\",\"width\":598,\"height\":361,\"caption\":\"www.mtc.co.rs\"},\"image\":{\"@id\":\"https:\\\/\\\/mtc.co.rs\\\/#\\\/schema\\\/logo\\\/image\\\/\"}}]}<\/script>\n<!-- \/ Yoast SEO plugin. -->","yoast_head_json":{"title":"Pravila Pona\u0161anja - www.mtc.co.rs","robots":{"index":"index","follow":"follow","max-snippet":"max-snippet:-1","max-image-preview":"max-image-preview:large","max-video-preview":"max-video-preview:-1"},"canonical":"https:\/\/mtc.co.rs\/en\/pravila-ponasanja\/","og_locale":"en_US","og_type":"article","og_title":"Pravila Pona\u0161anja - www.mtc.co.rs","og_description":"Korpativna Dokumenta Kodeks pona\u0161anja kompanije MTC NISSAL Preuzmi Ovde Kodeks pona\u0161anja za dobavlja\u010de MTC NISSAL-a Preuzmi Ovde","og_url":"https:\/\/mtc.co.rs\/en\/pravila-ponasanja\/","og_site_name":"www.mtc.co.rs","article_modified_time":"2025-06-19T07:26:35+00:00","og_image":[{"width":1786,"height":2560,"url":"https:\/\/mtc.co.rs\/wp-content\/uploads\/2025\/06\/1-scaled.png","type":"image\/png"}],"twitter_card":"summary_large_image","twitter_misc":{"Est. reading time":"1 minute"},"schema":{"@context":"https:\/\/schema.org","@graph":[{"@type":"WebPage","@id":"https:\/\/mtc.co.rs\/en\/pravila-ponasanja\/","url":"https:\/\/mtc.co.rs\/en\/pravila-ponasanja\/","name":"Pravila Pona\u0161anja - www.mtc.co.rs","isPartOf":{"@id":"https:\/\/mtc.co.rs\/#website"},"primaryImageOfPage":{"@id":"https:\/\/mtc.co.rs\/en\/pravila-ponasanja\/#primaryimage"},"image":{"@id":"https:\/\/mtc.co.rs\/en\/pravila-ponasanja\/#primaryimage"},"thumbnailUrl":"https:\/\/www.mtc.co.rs\/wp-content\/uploads\/2025\/06\/1-scaled.png","datePublished":"2025-06-18T12:46:47+00:00","dateModified":"2025-06-19T07:26:35+00:00","breadcrumb":{"@id":"https:\/\/mtc.co.rs\/en\/pravila-ponasanja\/#breadcrumb"},"inLanguage":"en-US","potentialAction":[{"@type":"ReadAction","target":["https:\/\/mtc.co.rs\/en\/pravila-ponasanja\/"]}]},{"@type":"ImageObject","inLanguage":"en-US","@id":"https:\/\/mtc.co.rs\/en\/pravila-ponasanja\/#primaryimage","url":"https:\/\/www.mtc.co.rs\/wp-content\/uploads\/2025\/06\/1-scaled.png","contentUrl":"https:\/\/www.mtc.co.rs\/wp-content\/uploads\/2025\/06\/1-scaled.png"},{"@type":"BreadcrumbList","@id":"https:\/\/mtc.co.rs\/en\/pravila-ponasanja\/#breadcrumb","itemListElement":[{"@type":"ListItem","position":1,"name":"Home","item":"https:\/\/mtc.co.rs\/"},{"@type":"ListItem","position":2,"name":"Pravila Pona\u0161anja"}]},{"@type":"WebSite","@id":"https:\/\/mtc.co.rs\/#website","url":"https:\/\/mtc.co.rs\/","name":"www.mtc.co.rs","description":"","publisher":{"@id":"https:\/\/mtc.co.rs\/#organization"},"potentialAction":[{"@type":"SearchAction","target":{"@type":"EntryPoint","urlTemplate":"https:\/\/mtc.co.rs\/?s={search_term_string}"},"query-input":{"@type":"PropertyValueSpecification","valueRequired":true,"valueName":"search_term_string"}}],"inLanguage":"en-US"},{"@type":"Organization","@id":"https:\/\/mtc.co.rs\/#organization","name":"www.mtc.co.rs","url":"https:\/\/mtc.co.rs\/","logo":{"@type":"ImageObject","inLanguage":"en-US","@id":"https:\/\/mtc.co.rs\/#\/schema\/logo\/image\/","url":"https:\/\/mtc.co.rs\/wp-content\/uploads\/2024\/12\/MTC-Nissal_Logo_Color_25082023.png","contentUrl":"https:\/\/mtc.co.rs\/wp-content\/uploads\/2024\/12\/MTC-Nissal_Logo_Color_25082023.png","width":598,"height":361,"caption":"www.mtc.co.rs"},"image":{"@id":"https:\/\/mtc.co.rs\/#\/schema\/logo\/image\/"}}]}},"_links":{"self":[{"href":"https:\/\/mtc.co.rs\/en\/wp-json\/wp\/v2\/pages\/2704","targetHints":{"allow":["GET"]}}],"collection":[{"href":"https:\/\/mtc.co.rs\/en\/wp-json\/wp\/v2\/pages"}],"about":[{"href":"https:\/\/mtc.co.rs\/en\/wp-json\/wp\/v2\/types\/page"}],"author":[{"embeddable":true,"href":"https:\/\/mtc.co.rs\/en\/wp-json\/wp\/v2\/users\/1"}],"replies":[{"embeddable":true,"href":"https:\/\/mtc.co.rs\/en\/wp-json\/wp\/v2\/comments?post=2704"}],"version-history":[{"count":19,"href":"https:\/\/mtc.co.rs\/en\/wp-json\/wp\/v2\/pages\/2704\/revisions"}],"predecessor-version":[{"id":2733,"href":"https:\/\/mtc.co.rs\/en\/wp-json\/wp\/v2\/pages\/2704\/revisions\/2733"}],"wp:attachment":[{"href":"https:\/\/mtc.co.rs\/en\/wp-json\/wp\/v2\/media?parent=2704"}],"curies":[{"name":"wp","href":"https:\/\/api.w.org\/{rel}","templated":true}]}}